{"id":2908,"date":"2024-08-07T08:34:20","date_gmt":"2024-08-07T06:34:20","guid":{"rendered":"https:\/\/delsamscafes.com\/politica-de-cookies\/"},"modified":"2024-08-12T09:36:34","modified_gmt":"2024-08-12T07:36:34","slug":"politica-de-cookies","status":"publish","type":"page","link":"https:\/\/delsamscafes.com\/es\/politica-de-cookies\/","title":{"rendered":"Pol\u00edtica de Cookies"},"content":{"rendered":"<section id=\"main\">\n<header class=\"page-header\">\n<h1>\n  Pol\u00edtica de Cookies<br \/>\n<\/h1>\n<\/header>\n<section id=\"content\" class=\"page-content page-cms page-cms-10\">\n<p>Esta p\u00e1gina web usa cookies para mejorar la experiencia del usuario. A continuaci\u00f3n, encontrar\u00e1 informaci\u00f3n sobre qu\u00e9 son las cookies, qu\u00e9 tipo de cookies utiliza esta p\u00e1gina, c\u00f3mo puede desactivar las cookies en su navegador y c\u00f3mo desactivar espec\u00edficamente la instalaci\u00f3n de cookies de terceros. Si no encuentra la informaci\u00f3n espec\u00edfica que usted est\u00e1 buscando, por favor env\u00ede un correo a&nbsp;<span style=\"text-align:justify;\">hola@delsamscafes.com<\/span>.<\/p>\n<p><strong>\u00bfQu\u00e9 son las cookies?<\/strong><\/p>\n<p>Las cookies son peque\u00f1os archivos que algunas plataformas, como las p\u00e1ginas web, pueden instalar en su ordenador, smartphone, tableta o televisi\u00f3n conectada. Sus funciones pueden ser muy variadas: almacenar sus preferencias de navegaci\u00f3n, recopilar informaci\u00f3n estad\u00edstica, permitir ciertas funcionalidades t\u00e9cnicas, etc.<\/p>\n<p><strong>\u00bfPor qu\u00e9 las utilizamos?<\/strong>Las cookies son \u00fatiles por varios motivos. Desde un punto de vista t\u00e9cnico, permiten que las p\u00e1ginas web funcionen de forma m\u00e1s \u00e1gil y adaptada a sus preferencias, como por ejemplo almacenar su idioma o la moneda de su pa\u00eds. Adem\u00e1s, ayudan a los responsables de los sitios web a mejorar los servicios que ofrecen, gracias a la informaci\u00f3n estad\u00edstica que recogen a trav\u00e9s de ellas y sirven para hacer m\u00e1s eficiente la publicidad que le podemos mostrar.<\/p>\n<p><strong>\u00bfQu\u00e9 uso le damos a los diferentes tipos de cookies?<\/strong><\/p>\n<p><strong>Cookies de sesi\u00f3n:<\/strong> Las cookies de sesi\u00f3n son aquellas que duran el tiempo que el usuario est\u00e1 navegando por la p\u00e1gina web y se borran al t\u00e9rmino.<\/p>\n<p><strong>Cookies persistentes:<\/strong> Estas cookies quedan almacenadas en el terminal del usuario por un tiempo m\u00e1s largo, facilitando as\u00ed el control de las preferencias elegidas sin tener que repetir ciertos par\u00e1metros cada vez que se visite el sitio web.<\/p>\n<p><strong>Cookies propias:<\/strong> Son cookies creadas por este sitio web y que solo puede leer el propio sitio. Por ejemplo: cookies t\u00e9cnicas para la carga de im\u00e1genes, cookies de personalizaci\u00f3n de par\u00e1metros de la web, cookies de an\u00e1lisis de tr\u00e1fico, etc.<\/p>\n<p><strong>Cookies de terceros:<\/strong> Son cookies creadas por terceros y que utilizamos para diferentes servicios (por ej. An\u00e1lisis del sitio web o publicidad).Seg\u00fan su finalidad:<\/p>\n<p><strong>Cookies t\u00e9cnicas:<\/strong> Las cookies t\u00e9cnicas son aquellas imprescindibles y estrictamente necesarias para el correcto funcionamiento de un portal Web y la utilizaci\u00f3n de las diferentes opciones y servicios que ofrece. Por ejemplo, las que sirven para el mantenimiento de la sesi\u00f3n, la gesti\u00f3n del tiempo de respuesta, rendimiento o validaci\u00f3n de opciones, utilizar elementos de seguridad, compartir contenido con redes sociales, etc.<\/p>\n<p><strong>Cookies de personalizaci\u00f3n:<\/strong> Estas cookies permiten al usuario especificar o personalizar algunas caracter\u00edsticas de las opciones generales de la p\u00e1gina Web. Por ejemplo, definir el idioma, configuraci\u00f3n regional o tipo de navegador.<\/p>\n<p><strong>Cookies anal\u00edticas:<\/strong> Las cookies anal\u00edticas son las utilizadas por nuestro portal Web, para elaborar perfiles de navegaci\u00f3n y poder conocer las preferencias de los usuarios del mismo con el fin de mejorar la oferta de productos y servicios. Por ejemplo, mediante una cookie anal\u00edtica se controlar\u00edan las \u00e1reas geogr\u00e1ficas de mayor inter\u00e9s de un usuario, cu\u00e1l es el producto de m\u00e1s aceptaci\u00f3n, etc.<\/p>\n<p><strong>Cookies publicitarias:<\/strong> Las cookies publicitarias permiten la gesti\u00f3n de los espacios publicitarios en base a criterios concretos. Por ejemplo la frecuencia de acceso, el contenido editado, etc. Las cookies de publicidad permiten a trav\u00e9s de la gesti\u00f3n de la publicidad almacenar informaci\u00f3n del comportamiento a trav\u00e9s de la observaci\u00f3n de h\u00e1bitos, estudiando los accesos y formando un perfil de preferencias del usuario, para ofrecerle publicidad relacionada con los intereses de su perfil.<\/p>\n<\/section>\n<footer class=\"page-footer\">\n<p>          <!-- Footer content --><\/p>\n<\/footer>\n<\/section>\n","protected":false},"excerpt":{"rendered":"<p>Pol\u00edtica de Cookies Esta p\u00e1gina web usa cookies para mejorar la experiencia del usuario. A continuaci\u00f3n, encontrar\u00e1 informaci\u00f3n sobre qu\u00e9 [&hellip;]<\/p>\n","protected":false},"author":1,"featured_media":0,"parent":0,"menu_order":0,"comment_status":"closed","ping_status":"closed","template":"","meta":{"footnotes":""},"yoast_head":"<!-- This site is optimized with the Yoast SEO plugin v15.0 - https:\/\/yoast.com\/wordpress\/plugins\/seo\/ -->\n<title>Pol\u00edtica de Cookies - Delsams<\/title>\n<meta name=\"robots\" content=\"index, follow, max-snippet:-1, max-image-preview:large, max-video-preview:-1\" \/>\n<link rel=\"canonical\" href=\"https:\/\/delsamscafes.com\/es\/politica-de-cookies\/\" \/>\n<meta property=\"og:locale\" content=\"es_ES\" \/>\n<meta property=\"og:type\" content=\"article\" \/>\n<meta property=\"og:title\" content=\"Pol\u00edtica de Cookies - Delsams\" \/>\n<meta property=\"og:description\" content=\"Pol\u00edtica de Cookies Esta p\u00e1gina web usa cookies para mejorar la experiencia del usuario. A continuaci\u00f3n, encontrar\u00e1 informaci\u00f3n sobre qu\u00e9 [&hellip;]\" \/>\n<meta property=\"og:url\" content=\"https:\/\/delsamscafes.com\/es\/politica-de-cookies\/\" \/>\n<meta property=\"og:site_name\" content=\"Delsams\" \/>\n<meta property=\"article:modified_time\" content=\"2024-08-12T07:36:34+00:00\" \/>\n<meta name=\"twitter:card\" content=\"summary_large_image\" \/>\n<script type=\"application\/ld+json\" class=\"yoast-schema-graph\">{\"@context\":\"https:\/\/schema.org\",\"@graph\":[{\"@type\":\"WebSite\",\"@id\":\"https:\/\/delsamscafes.com\/es\/#website\",\"url\":\"https:\/\/delsamscafes.com\/es\/\",\"name\":\"Delsams\",\"description\":\"Torrefacci\\u00f3 Artesana de Caf\\u00e8s\",\"potentialAction\":[{\"@type\":\"SearchAction\",\"target\":\"https:\/\/delsamscafes.com\/es\/?s={search_term_string}\",\"query-input\":\"required name=search_term_string\"}],\"inLanguage\":\"es\"},{\"@type\":\"WebPage\",\"@id\":\"https:\/\/delsamscafes.com\/es\/politica-de-cookies\/#webpage\",\"url\":\"https:\/\/delsamscafes.com\/es\/politica-de-cookies\/\",\"name\":\"Pol\\u00edtica de Cookies - Delsams\",\"isPartOf\":{\"@id\":\"https:\/\/delsamscafes.com\/es\/#website\"},\"datePublished\":\"2024-08-07T06:34:20+00:00\",\"dateModified\":\"2024-08-12T07:36:34+00:00\",\"inLanguage\":\"es\",\"potentialAction\":[{\"@type\":\"ReadAction\",\"target\":[\"https:\/\/delsamscafes.com\/es\/politica-de-cookies\/\"]}]}]}<\/script>\n<!-- \/ Yoast SEO plugin. -->","_links":{"self":[{"href":"https:\/\/delsamscafes.com\/es\/wp-json\/wp\/v2\/pages\/2908"}],"collection":[{"href":"https:\/\/delsamscafes.com\/es\/wp-json\/wp\/v2\/pages"}],"about":[{"href":"https:\/\/delsamscafes.com\/es\/wp-json\/wp\/v2\/types\/page"}],"author":[{"embeddable":true,"href":"https:\/\/delsamscafes.com\/es\/wp-json\/wp\/v2\/users\/1"}],"replies":[{"embeddable":true,"href":"https:\/\/delsamscafes.com\/es\/wp-json\/wp\/v2\/comments?post=2908"}],"version-history":[{"count":1,"href":"https:\/\/delsamscafes.com\/es\/wp-json\/wp\/v2\/pages\/2908\/revisions"}],"predecessor-version":[{"id":2909,"href":"https:\/\/delsamscafes.com\/es\/wp-json\/wp\/v2\/pages\/2908\/revisions\/2909"}],"wp:attachment":[{"href":"https:\/\/delsamscafes.com\/es\/wp-json\/wp\/v2\/media?parent=2908"}],"curies":[{"name":"wp","href":"https:\/\/api.w.org\/{rel}","templated":true}]}}